{"id":318,"date":"2015-07-10T08:20:12","date_gmt":"2015-07-10T08:20:12","guid":{"rendered":"http:\/\/arkahost.com\/?page_id=318"},"modified":"2022-12-11T20:18:36","modified_gmt":"2022-12-11T20:18:36","slug":"o-mne","status":"publish","type":"page","link":"https:\/\/tomasvalach.cz\/en\/o-mne\/","title":{"rendered":"O mn\u011b"},"content":{"rendered":"<div id=\"king-683582\" class=\"wpb_row  feature_section102  container_full\">\n\t<div class=\"wpb_column vc_column_container wpb_column vc_column_container vc_col-sm-12\">\n\t\t<div class=\"wpb_wrapper\">\n\t\t\t<div class=\"clearfix margin_top1\"><\/div><div class=\"vc_row wpb_row vc_inner vc_row-fluid plan\"><div class=\"container\"><div class=\"onecol_sixty wpb_column vc_column_container vc_col-sm-8 animated eff-fadeInUp delay-200ms\"><div class=\"wpb_wrapper\"><h1 class=\"caps\"><b>JAK TO V\u0160E <\/b>ZA\u010cALO...<\/h1><h2 class=\"light\">Psal se rok 2005 a j\u00e1 nav\u0161t\u011bvoval z\u00e1kladn\u00ed \u0161kolu v Krom\u011b\u0159\u00ed\u017ei. Zde jsem se poprv\u00e9 sezn\u00e1mil s\u00a0tvorbou webov\u00fdch str\u00e1nek v p\u0159edm\u011btu informatika.<\/h2>\n\t<div class=\"wpb_text_column wpb_content_element\" >\n\t\t<div class=\"wpb_wrapper\">\n\t\t\t<p>Dostal jsem za \u00fakol vytvo\u0159it str\u00e1nku, kter\u00e1 bude o tom, co m\u011b zaj\u00edm\u00e1 a bav\u00ed. Tvorba str\u00e1nek m\u011b tenkr\u00e1t nadchla, a proto byl m\u016fj v\u00fdb\u011br st\u0159edn\u00ed \u0161koly jasn\u00fd.<\/p>\n<p>Na st\u0159edn\u00ed \u0161kole elektrotechniky a informatiky v Ro\u017enov\u011b pod Radho\u0161t\u011bm jsem roz\u0161\u00ed\u0159il sv\u016fj z\u00e1jem o tvorbu webu a programov\u00e1n\u00ed. Moje dal\u0161\u00ed kroky vedly do Olomouce na Univerzitu Palack\u00e9ho na obor Informa\u010dn\u00ed technologie.<\/p>\n<p>&nbsp;<\/p>\n<blockquote>\n<p style=\"text-align: left;\">Dosa\u017een\u00e9 vzd\u011bl\u00e1n\u00ed<br \/>\n<a href=\"https:\/\/www.roznovskastredni.cz\/\" target=\"_blank\" rel=\"noopener noreferrer\">St\u0159edn\u00ed \u0161kola informatiky, elektrotechniky Ro\u017enov p. Radho\u0161t\u011bm,<\/a> <a href=\"https:\/\/www.upol.cz\" target=\"_blank\" rel=\"noopener noreferrer\">Univerzita Palack\u00e9ho Olomouc<\/a><\/p>\n<\/blockquote>\n\n\t\t<\/div>\n\t<\/div>\n<div class=\"clearfix margin_top3\"><\/div><\/div><\/div><div class=\"onecol_forty last wpb_column vc_column_container vc_col-sm-4 animated eff-fadeInUp delay-350ms\"><div class=\"wpb_wrapper\"><div class=\"vc_empty_space\"   style=\"height: 32px\" ><span class=\"vc_empty_space_inner\"><\/span><\/div>\n\n\t<div  class=\"wpb_single_image wpb_content_element vc_align_center\">\n\t\t\n\t\t<figure class=\"wpb_wrapper vc_figure\">\n\t\t\t<div class=\"vc_single_image-wrapper vc_box_shadow_3d  vc_box_border_grey\"><img loading=\"lazy\" decoding=\"async\" width=\"2428\" height=\"2560\" src=\"https:\/\/tomasvalach.cz\/wp-content\/uploads\/2022\/11\/Mgr.-Tomas-Valach-2-scaled-1-e1669673593534.jpg\" class=\"vc_single_image-img attachment-full\" alt=\"\" srcset=\"https:\/\/tomasvalach.cz\/wp-content\/uploads\/2022\/11\/Mgr.-Tomas-Valach-2-scaled-1-e1669673593534.jpg 2428w, https:\/\/tomasvalach.cz\/wp-content\/uploads\/2022\/11\/Mgr.-Tomas-Valach-2-scaled-1-e1669673593534-285x300.jpg 285w, https:\/\/tomasvalach.cz\/wp-content\/uploads\/2022\/11\/Mgr.-Tomas-Valach-2-scaled-1-e1669673593534-971x1024.jpg 971w, https:\/\/tomasvalach.cz\/wp-content\/uploads\/2022\/11\/Mgr.-Tomas-Valach-2-scaled-1-e1669673593534-768x810.jpg 768w, https:\/\/tomasvalach.cz\/wp-content\/uploads\/2022\/11\/Mgr.-Tomas-Valach-2-scaled-1-e1669673593534-1457x1536.jpg 1457w, https:\/\/tomasvalach.cz\/wp-content\/uploads\/2022\/11\/Mgr.-Tomas-Valach-2-scaled-1-e1669673593534-1942x2048.jpg 1942w, https:\/\/tomasvalach.cz\/wp-content\/uploads\/2022\/11\/Mgr.-Tomas-Valach-2-scaled-1-e1669673593534-11x12.jpg 11w\" sizes=\"auto, (max-width: 2428px) 100vw, 2428px\" \/><\/div>\n\t\t<\/figure>\n\t<\/div>\n<\/div><\/div><\/div><\/div><div class=\"vc_row wpb_row vc_inner vc_row-fluid plan two\"><div class=\"container\"><div class=\"onecol_forty wpb_column vc_column_container vc_col-sm-6 animated eff-fadeInUp delay-200ms\"><div class=\"wpb_wrapper\"><div class=\"clearfix margin_top6\"><\/div>\n\t<div  class=\"wpb_single_image wpb_content_element vc_align_center\">\n\t\t\n\t\t<figure class=\"wpb_wrapper vc_figure\">\n\t\t\t<div class=\"vc_single_image-wrapper vc_box_shadow_3d  vc_box_border_grey\"><img loading=\"lazy\" decoding=\"async\" width=\"1239\" height=\"766\" src=\"https:\/\/tomasvalach.cz\/wp-content\/uploads\/2022\/07\/plovak_eu_pc_raw.jpg\" class=\"vc_single_image-img attachment-full\" alt=\"\" srcset=\"https:\/\/tomasvalach.cz\/wp-content\/uploads\/2022\/07\/plovak_eu_pc_raw.jpg 1239w, https:\/\/tomasvalach.cz\/wp-content\/uploads\/2022\/07\/plovak_eu_pc_raw-300x185.jpg 300w, https:\/\/tomasvalach.cz\/wp-content\/uploads\/2022\/07\/plovak_eu_pc_raw-1024x633.jpg 1024w, https:\/\/tomasvalach.cz\/wp-content\/uploads\/2022\/07\/plovak_eu_pc_raw-768x475.jpg 768w, https:\/\/tomasvalach.cz\/wp-content\/uploads\/2022\/07\/plovak_eu_pc_raw-18x12.jpg 18w\" sizes=\"auto, (max-width: 1239px) 100vw, 1239px\" \/><\/div>\n\t\t<\/figure>\n\t<\/div>\n<\/div><\/div><div class=\"onecol_sixty last wpb_column vc_column_container vc_col-sm-6 animated eff-fadeInUp delay-350ms\"><div class=\"wpb_wrapper\"><h1 class=\"caps\"><b>NEUST\u00c1LE SE<\/b> ZDOKONALUJI<\/h1><h2 class=\"light\">Webdesignem se zab\u00fdv\u00e1m ji\u017e 8 let a za tu dobu se stal m\u00fdm kon\u00ed\u010dkem, kter\u00e9mu se v\u011bnuji opravdu naplno. <\/h2>\n\t<div class=\"wpb_text_column wpb_content_element\" >\n\t\t<div class=\"wpb_wrapper\">\n\t\t\t<p>Tato pr\u00e1ce vy\u017eaduje ka\u017edodenn\u00ed u\u010den\u00ed nov\u00fdch v\u011bc\u00ed. Pravideln\u00e1 \u0161kolen\u00ed, online kurzy, webin\u00e1\u0159e, u\u010den\u00ed se z\u00a0vlastn\u00edch chyb, d\u00e1vaj\u00ed vzniknout nejmodern\u011bj\u0161\u00edm str\u00e1nk\u00e1m, kter\u00e9 kladou d\u016fraz na spokojenost z\u00e1kazn\u00edka.<\/p>\n<p>&nbsp;<\/p>\n<blockquote>\n<p style=\"text-align: left;\">Absolvovan\u00e9 kurzy<br \/>\n<a href=\"https:\/\/www.strategickywebdesign.cz\/\" target=\"_blank\" rel=\"noopener noreferrer\">Strategick\u00fd webdesign, <\/a><a href=\"http:\/\/webrebel.cz\/\" target=\"_blank\" rel=\"noopener noreferrer\">Webrebel,\u00a0<\/a><a href=\"https:\/\/www.primakurzy.cz\/kurz-programovani\/\" target=\"_blank\" rel=\"noopener noreferrer\">Program\u00e1tor www aplikac\u00ed<\/a><\/p>\n<\/blockquote>\n\n\t\t<\/div>\n\t<\/div>\n<div class=\"clearfix margin_top3\"><\/div><\/div><\/div><\/div><\/div><div class=\"vc_row wpb_row vc_inner vc_row-fluid plan three\"><div class=\"container\"><div class=\"onecol_sixty wpb_column vc_column_container vc_col-sm-6 animated eff-fadeInUp delay-200ms\"><div class=\"wpb_wrapper\"><h1 class=\"caps\"><b>BEZ P\u0158IPOJEN\u00cd, <\/b> OFFLINE<\/h1><h2 class=\"light\">Pokud zrovna netvo\u0159\u00edm web, r\u00e1d si zasportuji. <\/h2>\n\t<div class=\"wpb_text_column wpb_content_element\" >\n\t\t<div class=\"wpb_wrapper\">\n\t\t\t<p>Jsem cyklista t\u011blem i du\u0161\u00ed, miluji dlouh\u00e9 trasy a zdol\u00e1v\u00e1n\u00ed kopc\u016f. Ob\u010das si tak\u00e9 r\u00e1d zab\u011bhnu n\u011bjak\u00fd z\u00e1vod, n\u011bkolikr\u00e1t jsem se z\u00fa\u010dastnil triatlonov\u00fdch z\u00e1vod\u016f TRISERIES.<\/p>\n<p>&nbsp;<\/p>\n<blockquote><p>\nMoje z\u00e1liby<br \/>\n<span style=\"font-family: Georgia, 'Bitstream Charter', serif; font-style: italic; font-weight: normal;\">Rekrea\u010dn\u00ed vytrvalostn\u00ed sport, florbal s p\u0159\u00e1teli a turistika&#8230;<\/span>\n<\/p><\/blockquote>\n\n\t\t<\/div>\n\t<\/div>\n<div class=\"clearfix margin_top3\"><\/div><\/div><\/div><div class=\"onecol_forty last wpb_column vc_column_container vc_col-sm-6 animated eff-fadeInUp delay-350ms\"><div class=\"wpb_wrapper\">\n\t<div  class=\"wpb_single_image wpb_content_element vc_align_center\">\n\t\t\n\t\t<figure class=\"wpb_wrapper vc_figure\">\n\t\t\t<div class=\"vc_single_image-wrapper vc_box_shadow_3d  vc_box_border_grey\"><img loading=\"lazy\" decoding=\"async\" width=\"1620\" height=\"1080\" src=\"https:\/\/tomasvalach.cz\/wp-content\/uploads\/2020\/05\/67062076_10215145945670977_6477551620061134848_o.jpg\" class=\"vc_single_image-img attachment-full\" alt=\"Tom\u00e1\u0161 Valach\" srcset=\"https:\/\/tomasvalach.cz\/wp-content\/uploads\/2020\/05\/67062076_10215145945670977_6477551620061134848_o.jpg 1620w, https:\/\/tomasvalach.cz\/wp-content\/uploads\/2020\/05\/67062076_10215145945670977_6477551620061134848_o-300x200.jpg 300w, https:\/\/tomasvalach.cz\/wp-content\/uploads\/2020\/05\/67062076_10215145945670977_6477551620061134848_o-1024x682.jpg 1024w, https:\/\/tomasvalach.cz\/wp-content\/uploads\/2020\/05\/67062076_10215145945670977_6477551620061134848_o-768x512.jpg 768w, https:\/\/tomasvalach.cz\/wp-content\/uploads\/2020\/05\/67062076_10215145945670977_6477551620061134848_o-1536x1024.jpg 1536w\" sizes=\"auto, (max-width: 1620px) 100vw, 1620px\" \/><\/div>\n\t\t<\/figure>\n\t<\/div>\n<\/div><\/div><\/div><\/div>\n\t\t<\/div> \n\t<\/div> \n<\/div>","protected":false},"excerpt":{"rendered":"JAK TO V\u0160E ZA\u010cALO...Psal se rok 2005 a j\u00e1 nav\u0161t\u011bvoval z\u00e1kladn\u00ed \u0161kolu v Krom\u011b\u0159\u00ed\u017ei. Zde jsem se poprv\u00e9 sezn\u00e1mil s\u00a0tvorbou webov\u00fdch str\u00e1nek v p\u0159edm\u011btu informatika. Dostal jsem za \u00fakol vytvo\u0159it str\u00e1nku, kter\u00e1 bude o tom, co m\u011b zaj\u00edm\u00e1 a bav\u00ed. Tvorba str\u00e1nek m\u011b tenkr\u00e1t nadchla, a proto byl m\u016fj v\u00fdb\u011br st\u0159edn\u00ed \u0161koly jasn\u00fd. Na st\u0159edn\u00ed [...]","protected":false},"author":1,"featured_media":0,"parent":0,"menu_order":0,"comment_status":"closed","ping_status":"closed","template":"templates\/page-full.php","meta":{"_acf_changed":false,"_links_to":"","_links_to_type":0,"footnotes":"","_links_to_target":""},"class_list":["post-318","page","type-page","status-publish","hentry"],"acf":[],"yoast_head":"<!-- This site is optimized with the Yoast SEO plugin v27.1.1 - https:\/\/yoast.com\/product\/yoast-seo-wordpress\/ -->\n<title>O mn\u011b | Tom\u00e1\u0161 Valach - Tvorba webov\u00fdch str\u00e1nek<\/title>\n<meta name=\"description\" content=\"V\u00edce jak 10 let se zab\u00fdv\u00e1m tvorbou a spr\u00e1vou webov\u00fdch str\u00e1nek v Krom\u011b\u0159\u00ed\u017ei. Vytvo\u0159\u00edm str\u00e1nky, ze kter\u00fdch budete m\u00edt radost a z\u00e1kazn\u00edk na nich bude r\u00e1d.\" \/>\n<meta name=\"robots\" content=\"index, follow, max-snippet:-1, max-image-preview:large, max-video-preview:-1\" \/>\n<link rel=\"canonical\" href=\"https:\/\/tomasvalach.cz\/en\/o-mne\/\" \/>\n<meta property=\"og:locale\" content=\"en_US\" \/>\n<meta property=\"og:type\" content=\"article\" \/>\n<meta property=\"og:title\" content=\"Tvorba a spr\u00e1va webov\u00fdch str\u00e1nek Krom\u011b\u0159\u00ed\u017e | www.tomasvalach.cz\" \/>\n<meta property=\"og:description\" content=\"V\u00edce jak 10 let se zab\u00fdv\u00e1m tvorbou a spr\u00e1vou webov\u00fdch str\u00e1nek v Krom\u011b\u0159\u00ed\u017ei. Vytvo\u0159\u00edm str\u00e1nky, ze kter\u00fdch budete m\u00edt radost a z\u00e1kazn\u00edk na nich bude r\u00e1d.\" \/>\n<meta property=\"og:url\" content=\"https:\/\/tomasvalach.cz\/en\/o-mne\/\" \/>\n<meta property=\"og:site_name\" content=\"Tom\u00e1\u0161 Valach - Tvorba webov\u00fdch str\u00e1nek\" \/>\n<meta property=\"article:publisher\" content=\"https:\/\/www.facebook.com\/tomasvalach.cz\" \/>\n<meta property=\"article:modified_time\" content=\"2022-12-11T20:18:36+00:00\" \/>\n<meta property=\"og:image\" content=\"https:\/\/tomasvalach.cz\/wp-content\/uploads\/2020\/08\/poutac_2_1.jpg\" \/>\n\t<meta property=\"og:image:width\" content=\"1200\" \/>\n\t<meta property=\"og:image:height\" content=\"628\" \/>\n\t<meta property=\"og:image:type\" content=\"image\/jpeg\" \/>\n<meta name=\"twitter:card\" content=\"summary_large_image\" \/>\n<meta name=\"twitter:label1\" content=\"Est. reading time\" \/>\n\t<meta name=\"twitter:data1\" content=\"2 minutes\" \/>\n<script type=\"application\/ld+json\" class=\"yoast-schema-graph\">{\"@context\":\"https:\/\/schema.org\",\"@graph\":[{\"@type\":\"WebPage\",\"@id\":\"https:\/\/tomasvalach.cz\/o-mne\/\",\"url\":\"https:\/\/tomasvalach.cz\/o-mne\/\",\"name\":\"O mn\u011b | Tom\u00e1\u0161 Valach - Tvorba webov\u00fdch str\u00e1nek\",\"isPartOf\":{\"@id\":\"https:\/\/tomasvalach.cz\/#website\"},\"datePublished\":\"2015-07-10T08:20:12+00:00\",\"dateModified\":\"2022-12-11T20:18:36+00:00\",\"description\":\"V\u00edce jak 10 let se zab\u00fdv\u00e1m tvorbou a spr\u00e1vou webov\u00fdch str\u00e1nek v Krom\u011b\u0159\u00ed\u017ei. Vytvo\u0159\u00edm str\u00e1nky, ze kter\u00fdch budete m\u00edt radost a z\u00e1kazn\u00edk na nich bude r\u00e1d.\",\"breadcrumb\":{\"@id\":\"https:\/\/tomasvalach.cz\/o-mne\/#breadcrumb\"},\"inLanguage\":\"en-US\",\"potentialAction\":[{\"@type\":\"ReadAction\",\"target\":[\"https:\/\/tomasvalach.cz\/o-mne\/\"]}]},{\"@type\":\"BreadcrumbList\",\"@id\":\"https:\/\/tomasvalach.cz\/o-mne\/#breadcrumb\",\"itemListElement\":[{\"@type\":\"ListItem\",\"position\":1,\"name\":\"Dom\u016f\",\"item\":\"https:\/\/tomasvalach.cz\/\"},{\"@type\":\"ListItem\",\"position\":2,\"name\":\"O mn\u011b\"}]},{\"@type\":\"WebSite\",\"@id\":\"https:\/\/tomasvalach.cz\/#website\",\"url\":\"https:\/\/tomasvalach.cz\/\",\"name\":\"Tom\u00e1\u0161 Valach - Tvorba webov\u00fdch str\u00e1nek\",\"description\":\"Tvorba a spr\u00e1va webov\u00fdch str\u00e1nek, online marketing a propagace.\",\"publisher\":{\"@id\":\"https:\/\/tomasvalach.cz\/#organization\"},\"potentialAction\":[{\"@type\":\"SearchAction\",\"target\":{\"@type\":\"EntryPoint\",\"urlTemplate\":\"https:\/\/tomasvalach.cz\/?s={search_term_string}\"},\"query-input\":{\"@type\":\"PropertyValueSpecification\",\"valueRequired\":true,\"valueName\":\"search_term_string\"}}],\"inLanguage\":\"en-US\"},{\"@type\":\"Organization\",\"@id\":\"https:\/\/tomasvalach.cz\/#organization\",\"name\":\"Tom\u00e1\u0161 Valach\",\"url\":\"https:\/\/tomasvalach.cz\/\",\"logo\":{\"@type\":\"ImageObject\",\"inLanguage\":\"en-US\",\"@id\":\"https:\/\/tomasvalach.cz\/#\/schema\/logo\/image\/\",\"url\":\"http:\/\/tomasvalach.cz\/wp-content\/uploads\/2020\/03\/tomasvalach.jpg\",\"contentUrl\":\"http:\/\/tomasvalach.cz\/wp-content\/uploads\/2020\/03\/tomasvalach.jpg\",\"width\":384,\"height\":117,\"caption\":\"Tom\u00e1\u0161 Valach\"},\"image\":{\"@id\":\"https:\/\/tomasvalach.cz\/#\/schema\/logo\/image\/\"},\"sameAs\":[\"https:\/\/www.facebook.com\/tomasvalach.cz\"]}]}<\/script>\n<!-- \/ Yoast SEO plugin. -->","yoast_head_json":{"title":"O mn\u011b | Tom\u00e1\u0161 Valach - Tvorba webov\u00fdch str\u00e1nek","description":"V\u00edce jak 10 let se zab\u00fdv\u00e1m tvorbou a spr\u00e1vou webov\u00fdch str\u00e1nek v Krom\u011b\u0159\u00ed\u017ei. Vytvo\u0159\u00edm str\u00e1nky, ze kter\u00fdch budete m\u00edt radost a z\u00e1kazn\u00edk na nich bude r\u00e1d.","robots":{"index":"index","follow":"follow","max-snippet":"max-snippet:-1","max-image-preview":"max-image-preview:large","max-video-preview":"max-video-preview:-1"},"canonical":"https:\/\/tomasvalach.cz\/en\/o-mne\/","og_locale":"en_US","og_type":"article","og_title":"Tvorba a spr\u00e1va webov\u00fdch str\u00e1nek Krom\u011b\u0159\u00ed\u017e | www.tomasvalach.cz","og_description":"V\u00edce jak 10 let se zab\u00fdv\u00e1m tvorbou a spr\u00e1vou webov\u00fdch str\u00e1nek v Krom\u011b\u0159\u00ed\u017ei. Vytvo\u0159\u00edm str\u00e1nky, ze kter\u00fdch budete m\u00edt radost a z\u00e1kazn\u00edk na nich bude r\u00e1d.","og_url":"https:\/\/tomasvalach.cz\/en\/o-mne\/","og_site_name":"Tom\u00e1\u0161 Valach - Tvorba webov\u00fdch str\u00e1nek","article_publisher":"https:\/\/www.facebook.com\/tomasvalach.cz","article_modified_time":"2022-12-11T20:18:36+00:00","og_image":[{"width":1200,"height":628,"url":"https:\/\/tomasvalach.cz\/wp-content\/uploads\/2020\/08\/poutac_2_1.jpg","type":"image\/jpeg"}],"twitter_card":"summary_large_image","twitter_misc":{"Est. reading time":"2 minutes"},"schema":{"@context":"https:\/\/schema.org","@graph":[{"@type":"WebPage","@id":"https:\/\/tomasvalach.cz\/o-mne\/","url":"https:\/\/tomasvalach.cz\/o-mne\/","name":"O mn\u011b | Tom\u00e1\u0161 Valach - Tvorba webov\u00fdch str\u00e1nek","isPartOf":{"@id":"https:\/\/tomasvalach.cz\/#website"},"datePublished":"2015-07-10T08:20:12+00:00","dateModified":"2022-12-11T20:18:36+00:00","description":"V\u00edce jak 10 let se zab\u00fdv\u00e1m tvorbou a spr\u00e1vou webov\u00fdch str\u00e1nek v Krom\u011b\u0159\u00ed\u017ei. Vytvo\u0159\u00edm str\u00e1nky, ze kter\u00fdch budete m\u00edt radost a z\u00e1kazn\u00edk na nich bude r\u00e1d.","breadcrumb":{"@id":"https:\/\/tomasvalach.cz\/o-mne\/#breadcrumb"},"inLanguage":"en-US","potentialAction":[{"@type":"ReadAction","target":["https:\/\/tomasvalach.cz\/o-mne\/"]}]},{"@type":"BreadcrumbList","@id":"https:\/\/tomasvalach.cz\/o-mne\/#breadcrumb","itemListElement":[{"@type":"ListItem","position":1,"name":"Dom\u016f","item":"https:\/\/tomasvalach.cz\/"},{"@type":"ListItem","position":2,"name":"O mn\u011b"}]},{"@type":"WebSite","@id":"https:\/\/tomasvalach.cz\/#website","url":"https:\/\/tomasvalach.cz\/","name":"Tom\u00e1\u0161 Valach - Tvorba webov\u00fdch str\u00e1nek","description":"Tvorba a spr\u00e1va webov\u00fdch str\u00e1nek, online marketing a propagace.","publisher":{"@id":"https:\/\/tomasvalach.cz\/#organization"},"potentialAction":[{"@type":"SearchAction","target":{"@type":"EntryPoint","urlTemplate":"https:\/\/tomasvalach.cz\/?s={search_term_string}"},"query-input":{"@type":"PropertyValueSpecification","valueRequired":true,"valueName":"search_term_string"}}],"inLanguage":"en-US"},{"@type":"Organization","@id":"https:\/\/tomasvalach.cz\/#organization","name":"Tom\u00e1\u0161 Valach","url":"https:\/\/tomasvalach.cz\/","logo":{"@type":"ImageObject","inLanguage":"en-US","@id":"https:\/\/tomasvalach.cz\/#\/schema\/logo\/image\/","url":"http:\/\/tomasvalach.cz\/wp-content\/uploads\/2020\/03\/tomasvalach.jpg","contentUrl":"http:\/\/tomasvalach.cz\/wp-content\/uploads\/2020\/03\/tomasvalach.jpg","width":384,"height":117,"caption":"Tom\u00e1\u0161 Valach"},"image":{"@id":"https:\/\/tomasvalach.cz\/#\/schema\/logo\/image\/"},"sameAs":["https:\/\/www.facebook.com\/tomasvalach.cz"]}]}},"_links":{"self":[{"href":"https:\/\/tomasvalach.cz\/en\/wp-json\/wp\/v2\/pages\/318","targetHints":{"allow":["GET"]}}],"collection":[{"href":"https:\/\/tomasvalach.cz\/en\/wp-json\/wp\/v2\/pages"}],"about":[{"href":"https:\/\/tomasvalach.cz\/en\/wp-json\/wp\/v2\/types\/page"}],"author":[{"embeddable":true,"href":"https:\/\/tomasvalach.cz\/en\/wp-json\/wp\/v2\/users\/1"}],"replies":[{"embeddable":true,"href":"https:\/\/tomasvalach.cz\/en\/wp-json\/wp\/v2\/comments?post=318"}],"version-history":[{"count":133,"href":"https:\/\/tomasvalach.cz\/en\/wp-json\/wp\/v2\/pages\/318\/revisions"}],"predecessor-version":[{"id":7795,"href":"https:\/\/tomasvalach.cz\/en\/wp-json\/wp\/v2\/pages\/318\/revisions\/7795"}],"wp:attachment":[{"href":"https:\/\/tomasvalach.cz\/en\/wp-json\/wp\/v2\/media?parent=318"}],"curies":[{"name":"wp","href":"https:\/\/api.w.org\/{rel}","templated":true}]}}